{"id":2292,"date":"2021-08-23T13:34:28","date_gmt":"2021-08-23T12:34:28","guid":{"rendered":"https:\/\/viridisrealestate.com\/?page_id=2292"},"modified":"2022-09-01T15:20:46","modified_gmt":"2022-09-01T14:20:46","slug":"datenschutz","status":"publish","type":"page","link":"https:\/\/viridisrealestate.com\/de\/datenschutz\/","title":{"rendered":"Datenschutzerkl\u00e4rung der Viridis Real Estate Services Limited  (&#8222;Viridis&#8220;)"},"content":{"rendered":"\t\t<div data-elementor-type=\"wp-page\" data-elementor-id=\"2292\" class=\"elementor elementor-2292 elementor-1263\">\n\t\t\t\t\t\t\t\t\t<section class=\"elementor-section elementor-top-section elementor-element elementor-element-63ed891f elementor-section-full_width elementor-section-height-default elementor-section-height-default\" data-id=\"63ed891f\" data-element_type=\"section\">\n\t\t\t\t\t\t<div class=\"elementor-container elementor-column-gap-no\">\n\t\t\t\t\t<div class=\"elementor-column elementor-col-100 elementor-top-column elementor-element elementor-element-4f489532\" data-id=\"4f489532\" data-element_type=\"column\">\n\t\t\t<div class=\"elementor-widget-wrap elementor-element-populated\">\n\t\t\t\t\t\t\t\t<div class=\"elementor-element elementor-element-e57e38b elementor-align-left elementor-widget elementor-widget-bdevs-banner\" data-id=\"e57e38b\" data-element_type=\"widget\" data-widget_type=\"bdevs-banner.default\">\n\t\t\t\t<div class=\"elementor-widget-container\">\n\t\t\t\t\t<!-- Banner Title -->\n\t    <div class=\"ready banner-padding bg-img\" data-overlay-dark=\"0\" data-background=\"http:\/\/viridis.4imedia.com\/wp-content\/uploads\/contact.jpg\">\n\t        <div class=\"container\">\n\t            <div class=\"row\">\n\t                <div class=\"col-md-12\">\n\t                    <div class=\"text-center\">\n\t                        <div class=\"title animate-box\" data-animate-effect=\"fadeInUp\">\n\t                            <h1>Datenschutzerkl\u00e4rung der Viridis Real Estate Services Limited  (\"Viridis\")<\/h1>\n\t                        <\/div>\n\t                    <\/div>\n\t                <\/div>\n\t            <\/div>\n\t        <\/div>\n\t    <\/div>\n\t\t\t<\/div>\n\t\t\t\t<\/div>\n\t\t\t\t\t<\/div>\n\t\t<\/div>\n\t\t\t\t\t\t\t<\/div>\n\t\t<\/section>\n\t\t\t\t<section class=\"elementor-section elementor-top-section elementor-element elementor-element-aaa1274 elementor-section-boxed elementor-section-height-default elementor-section-height-default\" data-id=\"aaa1274\" data-element_type=\"section\">\n\t\t\t\t\t\t<div class=\"elementor-container elementor-column-gap-default\">\n\t\t\t\t\t<div class=\"elementor-column elementor-col-100 elementor-top-column elementor-element elementor-element-482d26d8\" data-id=\"482d26d8\" data-element_type=\"column\">\n\t\t\t<div class=\"elementor-widget-wrap elementor-element-populated\">\n\t\t\t\t\t\t\t\t<div class=\"elementor-element elementor-element-14e98fa4 elementor-widget elementor-widget-text-editor\" data-id=\"14e98fa4\" data-element_type=\"widget\" data-widget_type=\"text-editor.default\">\n\t\t\t\t<div class=\"elementor-widget-container\">\n\t\t\t<style>\/*! elementor - v3.17.0 - 01-11-2023 *\/\n.elementor-widget-text-editor.elementor-drop-cap-view-stacked .elementor-drop-cap{background-color:#69727d;color:#fff}.elementor-widget-text-editor.elementor-drop-cap-view-framed .elementor-drop-cap{color:#69727d;border:3px solid;background-color:transparent}.elementor-widget-text-editor:not(.elementor-drop-cap-view-default) .elementor-drop-cap{margin-top:8px}.elementor-widget-text-editor:not(.elementor-drop-cap-view-default) .elementor-drop-cap-letter{width:1em;height:1em}.elementor-widget-text-editor .elementor-drop-cap{float:left;text-align:center;line-height:1;font-size:50px}.elementor-widget-text-editor .elementor-drop-cap-letter{display:inline-block}<\/style>\t\t\t\t<p><em>Letzte Aktualisierung: 5. August 2022<\/em><\/p><p>Diese Datenschutzerkl\u00e4rung regelt den Umgang mit personenbezogenen Daten, die beim Besuch der Webseite von Viridis (<a href=\"http:\/\/www.viridisrealestate.com\/\">http:\/\/www.viridisrealestate.com\/<\/a>) verarbeitet werden. Im Folgenden informieren wir Sie dar\u00fcber, um welche Daten es sich dabei handelt, auf welche Weise sie verarbeitet werden und welche Rechte Ihnen diesbez\u00fcglich zustehen.<\/p><h2>1. Verantwortlicher f\u00fcr die Verarbeitung personenbezogener Daten<\/h2><p>Verantwortlicher der Verarbeitung personenbezogener Daten beim Besuch der Webseite ist:<\/p><p>Viridis Real Estate<br \/>Services Limited<br \/>13 Berkeley Street<br \/>W1J 8DU London<\/p><p>F\u00fcr Datenschutz bezogene Anliegen sowie zur Geltendmachung Ihrer Rechte gem\u00e4\u00df Art. 15 ff. DSGVO wenden Sie sich bitte an:<\/p><p><a href=\"mailto:info@viridisrealestate.com\">info@viridisrealestate.com<\/a><\/p><h2>2. Verarbeitung personenbezogener Daten und Zwecke der Verarbeitung<\/h2><h3>a) Nutzungsdaten<\/h3><p>Wann immer Sie die Webseite besuchen, auch wenn Sie die Webseite nur zu Informationszwecken nutzen, verarbeiten wir personenbezogene Daten von Ihnen, die Ihr Browser \u00fcbermittelt.<\/p><p>Folgende personenbezogenen Daten von Ihnen werden verarbeitet:<\/p><ul><li>IP-Adresse<\/li><li>Datum und Uhrzeit der Abfrage<\/li><li>Inhalt der Abfrage (genaue Seite)<\/li><li>Zugriffsstatus\/HTTP-Statuscode<\/li><li>Jeweils \u00fcbertragenen Datenmenge<\/li><li>Webseite, von der die Anfrage stammt<\/li><li>Browser, Sprache des Browsers, Version der Browsersoftware<\/li><li>Betriebssystem und seine Schnittstelle<\/li><\/ul><p>Die Rechtsgrundlage f\u00fcr die Verarbeitung dieser Daten ist Art. 6 Abs. 1 S. 1 f) DSGVO, da wir ein berechtigtes Interesse daran haben, Ihnen die Webseite ordnungsgem\u00e4\u00df anzuzeigen.<\/p><p>Die Daten werden nach 30 Tagen gel\u00f6scht.<\/p><h3>b) Bewerbungsformular<\/h3><p>Wenn Sie sich \u00fcber das Bewerbungsformular auf der Webseite bei uns bewerben, speichern wir Ihren Vor- und Nachnamen, Ihre Telefonnummer, Ihre E-Mail-Adresse und Ihre zur Verf\u00fcgung gestellten Bewerbungsunterlagen (Bewerbungsschreiben, Lebenslauf, Zeugnisse u.\u00e4.).<\/p><p>Wir verarbeiten und nutzen die zur Verf\u00fcgung gestellten personenbezogenen Daten nur zweckgebunden f\u00fcr die Besetzung von Stellen innerhalb unseres Unternehmens.<\/p><p>Rechtsgrundlage f\u00fcr die Verarbeitung der Daten ist \u00a7 26 Abs. 1 S. 1 BDSG.<\/p><p>Eine L\u00f6schung Ihrer Daten erfolgt grunds\u00e4tzlich drei Monate nach Abschluss des Bewerbungsverfahrens, sofern keine gesetzlichen Bestimmungen entgegenstehen.<\/p><h3>c) Kontaktaufnahme<\/h3><p>Wenn Sie sich per E-Mail oder \u00fcber das Kontaktformular auf der Webseite an uns wenden, speichern wir Ihre E-Mail-Adresse und, sofern Sie diese Angaben machen, Ihren Namen und Ihre Telefonnummer, um Ihre Anfrage bearbeiten und mit Ihnen Kontakt aufnehmen zu k\u00f6nnen.<\/p><p>Wir verarbeiten und nutzen die so zur Verf\u00fcgung gestellten personenbezogenen Daten nur zu dem Zweck, Ihre Anfrage zu beantworten und\/oder Ihnen Zugang zu den gew\u00fcnschten Informationen zu verschaffen.<\/p><p>Rechtsgrundlage ist hierbei Art. 6 Abs. 1 S. 1 b) DSGVO. Sobald der entsprechende Zweck der Kontaktaufnahme erreicht ist, werden die personenbezogenen Daten gel\u00f6scht.<\/p><h2>3. Weitergabe personenbezogener Daten an Dritte<\/h2><p>F\u00fcr den Betrieb der f\u00fcr die Webseite notwendigen technischen Infrastruktur erhalten die von uns beauftragten IT-Dienstleister Ihre Daten im Rahmen der technischen Betreuung. S\u00e4mtliche Auftragsverarbeiter sind vertraglich verpflichtet, Ihre Daten vertraulich zu behandeln und nur im Rahmen der Beauftragung durch uns zu verarbeiten.<\/p><h2>4. Ihre Rechte<\/h2><h3>a) Auskunftsrecht<\/h3><p>Sie haben jederzeit das Recht, von uns unentgeltlich Auskunft \u00fcber die zu Ihrer Person gespeicherten Daten, deren Herkunft, Empf\u00e4nger oder Kategorien von Empf\u00e4ngern, an die diese Daten weitergegeben werden, sowie den Zweck der Speicherung zu erhalten.<\/p><h3>b) Recht auf Berichtigung<\/h3><p>Sie haben das Recht, von uns die Berichtigung sie betreffender unrichtiger personenbezogener Daten zu verlangen.<\/p><h3>c) Recht auf L\u00f6schung<\/h3><p>Nach Beendigung des jeweiligen Nutzungsverh\u00e4ltnisses werden Ihre personenbezogenen Daten, ggf. nach Ablauf der steuer- und handelsrechtlichen sowie sonstiger gesetzlicher Aufbewahrungs- und Verj\u00e4hrungsfristen gel\u00f6scht, sofern Sie nicht ausdr\u00fccklich in die weitere Nutzung Ihrer Daten eingewilligt haben.<\/p><p>Sofern gesetzliche Aufbewahrungsfristen hiervon nicht ber\u00fchrt sind und Ihre Daten nicht mehr zur Bearbeitung Ihrer Anfrage ben\u00f6tigt werden, k\u00f6nnen Sie jederzeit die L\u00f6schung Ihrer Daten verlangen.<\/p><h3>d) Recht auf Einschr\u00e4nkung der Verarbeitung<\/h3><p>Sie haben das Recht, die Einschr\u00e4nkung der Verarbeitung Ihrer Daten zu verlangen, wenn die entsprechenden Voraussetzungen nach der DSGVO erf\u00fcllt sind.<\/p><h3>e) Recht auf Daten\u00fcbertragbarkeit<\/h3><p>Basiert die Datenverarbeitung auf einer Einwilligung oder auf der Erf\u00fcllung eines Vertrages und erfolgt diese zudem unter Einsatz einer automatisierten Verarbeitung, haben Sie das Recht, Ihre Daten in einem strukturierten, g\u00e4ngigen und maschinenlesbaren Format zu erhalten und sie an einen anderen Datenverarbeiter zu \u00fcbermitteln.<\/p><h3>f) Widerspruchsrecht<\/h3><p>Wenn die Verarbeitung auf einem \u00fcberwiegenden berechtigten Interesse beruht, haben Sie das Recht, der Verarbeitung Ihrer Daten zu widersprechen. Wir werden Ihre Daten dann nicht mehr verarbeiten, es sei denn, wir haben ein berechtigtes Interesse an der Verarbeitung Ihrer Daten, welches Ihren Interessen, Rechten und Freiheiten gegen\u00fcber \u00fcberwiegt. Im Falle eines Widerspruchs gegen Direktwerbung werden wir Ihre Daten f\u00fcr diese Zwecke nicht mehr verarbeiten.<\/p><h3>g) Widerrufsrecht<\/h3><p>Sofern die Verarbeitung der Daten auf einer Einwilligung beruht, haben Sie das Recht, die Einwilligung in die Verwendung Ihrer Daten mit Wirkung f\u00fcr die Zukunft jederzeit zu widerrufen. Durch den Widerruf der Einwilligung wird die Rechtm\u00e4\u00dfigkeit, der aufgrund der Einwilligung bis zum Widerruf erfolgten Verarbeitung nicht ber\u00fchrt.<\/p><h3>h) Beschwerderecht<\/h3><p>Sie haben das Recht, sich bei einer Aufsichtsbeh\u00f6rde \u00fcber die Verarbeitung Ihrer Daten zu beschweren.<\/p><p>***<\/p>\t\t\t\t\t\t<\/div>\n\t\t\t\t<\/div>\n\t\t\t\t\t<\/div>\n\t\t<\/div>\n\t\t\t\t\t\t\t<\/div>\n\t\t<\/section>\n\t\t\t\t\t\t\t<\/div>\n\t\t","protected":false},"excerpt":{"rendered":"<p>Datenschutzerkl\u00e4rung der Viridis Real Estate Services Limited (&#8222;Viridis&#8220;) Letzte Aktualisierung: 5. August 2022Diese Datenschutzerkl\u00e4rung regelt den Umgang mit personenbezogenen Daten, die beim Besuch der Webseite von Viridis (http:\/\/www.viridisrealestate.com\/) verarbeitet werden. Im Folgenden informieren wir Sie dar\u00fcber, um welche Daten es sich dabei handelt, auf welche Weise sie verarbeitet werden und welche Rechte Ihnen diesbez\u00fcglich zustehen.1. [&hellip;]<\/p>\n","protected":false},"author":1,"featured_media":0,"parent":0,"menu_order":4,"comment_status":"closed","ping_status":"closed","template":"page-templates\/home-light.php","meta":{"footnotes":""},"yoast_head":"<!-- This site is optimized with the Yoast SEO plugin v21.5 - https:\/\/yoast.com\/wordpress\/plugins\/seo\/ -->\n<title>Datenschutzerkl\u00e4rung der Viridis Real Estate Services Limited (&quot;Viridis&quot;) - Viridis Real Estate Services Limited<\/title>\n<meta name=\"robots\" content=\"index, follow, max-snippet:-1, max-image-preview:large, max-video-preview:-1\" \/>\n<link rel=\"canonical\" href=\"https:\/\/viridisrealestate.com\/de\/datenschutz\/\" \/>\n<meta property=\"og:locale\" content=\"de_DE\" \/>\n<meta property=\"og:type\" content=\"article\" \/>\n<meta property=\"og:title\" content=\"Datenschutzerkl\u00e4rung der Viridis Real Estate Services Limited (&quot;Viridis&quot;) - Viridis Real Estate Services Limited\" \/>\n<meta property=\"og:description\" content=\"Datenschutzerkl\u00e4rung der Viridis Real Estate Services Limited (&#8222;Viridis&#8220;) Letzte Aktualisierung: 5. August 2022Diese Datenschutzerkl\u00e4rung regelt den Umgang mit personenbezogenen Daten, die beim Besuch der Webseite von Viridis (http:\/\/www.viridisrealestate.com\/) verarbeitet werden. Im Folgenden informieren wir Sie dar\u00fcber, um welche Daten es sich dabei handelt, auf welche Weise sie verarbeitet werden und welche Rechte Ihnen diesbez\u00fcglich zustehen.1. [&hellip;]\" \/>\n<meta property=\"og:url\" content=\"https:\/\/viridisrealestate.com\/de\/datenschutz\/\" \/>\n<meta property=\"og:site_name\" content=\"Viridis Real Estate Services Limited\" \/>\n<meta property=\"article:modified_time\" content=\"2022-09-01T14:20:46+00:00\" \/>\n<meta name=\"twitter:card\" content=\"summary_large_image\" \/>\n<meta name=\"twitter:label1\" content=\"Gesch\u00e4tzte Lesezeit\" \/>\n\t<meta name=\"twitter:data1\" content=\"5 Minuten\" \/>\n<script type=\"application\/ld+json\" class=\"yoast-schema-graph\">{\"@context\":\"https:\/\/schema.org\",\"@graph\":[{\"@type\":\"WebPage\",\"@id\":\"https:\/\/viridisrealestate.com\/de\/datenschutz\/\",\"url\":\"https:\/\/viridisrealestate.com\/de\/datenschutz\/\",\"name\":\"Datenschutzerkl\u00e4rung der Viridis Real Estate Services Limited (\\\"Viridis\\\") - Viridis Real Estate Services Limited\",\"isPartOf\":{\"@id\":\"https:\/\/viridisrealestate.com\/de\/#website\"},\"datePublished\":\"2021-08-23T12:34:28+00:00\",\"dateModified\":\"2022-09-01T14:20:46+00:00\",\"breadcrumb\":{\"@id\":\"https:\/\/viridisrealestate.com\/de\/datenschutz\/#breadcrumb\"},\"inLanguage\":\"de-DE\",\"potentialAction\":[{\"@type\":\"ReadAction\",\"target\":[\"https:\/\/viridisrealestate.com\/de\/datenschutz\/\"]}]},{\"@type\":\"BreadcrumbList\",\"@id\":\"https:\/\/viridisrealestate.com\/de\/datenschutz\/#breadcrumb\",\"itemListElement\":[{\"@type\":\"ListItem\",\"position\":1,\"name\":\"Home\",\"item\":\"https:\/\/viridisrealestate.com\/de\/\"},{\"@type\":\"ListItem\",\"position\":2,\"name\":\"Datenschutzerkl\u00e4rung der Viridis Real Estate Services Limited (&#8220;Viridis&#8221;)\"}]},{\"@type\":\"WebSite\",\"@id\":\"https:\/\/viridisrealestate.com\/de\/#website\",\"url\":\"https:\/\/viridisrealestate.com\/de\/\",\"name\":\"Viridis Real Estate Services Limited\",\"description\":\"\",\"publisher\":{\"@id\":\"https:\/\/viridisrealestate.com\/de\/#organization\"},\"potentialAction\":[{\"@type\":\"SearchAction\",\"target\":{\"@type\":\"EntryPoint\",\"urlTemplate\":\"https:\/\/viridisrealestate.com\/de\/?s={search_term_string}\"},\"query-input\":\"required name=search_term_string\"}],\"inLanguage\":\"de-DE\"},{\"@type\":\"Organization\",\"@id\":\"https:\/\/viridisrealestate.com\/de\/#organization\",\"name\":\"Viridis Real Estate Services Limited\",\"url\":\"https:\/\/viridisrealestate.com\/de\/\",\"logo\":{\"@type\":\"ImageObject\",\"inLanguage\":\"de-DE\",\"@id\":\"https:\/\/viridisrealestate.com\/de\/#\/schema\/logo\/image\/\",\"url\":\"http:\/\/viridis.4imedia.com\/wp-content\/uploads\/Viridis-1.png\",\"contentUrl\":\"http:\/\/viridis.4imedia.com\/wp-content\/uploads\/Viridis-1.png\",\"width\":2481,\"height\":2627,\"caption\":\"Viridis Real Estate Services Limited\"},\"image\":{\"@id\":\"https:\/\/viridisrealestate.com\/de\/#\/schema\/logo\/image\/\"}}]}<\/script>\n<!-- \/ Yoast SEO plugin. -->","yoast_head_json":{"title":"Datenschutzerkl\u00e4rung der Viridis Real Estate Services Limited (\"Viridis\") - Viridis Real Estate Services Limited","robots":{"index":"index","follow":"follow","max-snippet":"max-snippet:-1","max-image-preview":"max-image-preview:large","max-video-preview":"max-video-preview:-1"},"canonical":"https:\/\/viridisrealestate.com\/de\/datenschutz\/","og_locale":"de_DE","og_type":"article","og_title":"Datenschutzerkl\u00e4rung der Viridis Real Estate Services Limited (\"Viridis\") - Viridis Real Estate Services Limited","og_description":"Datenschutzerkl\u00e4rung der Viridis Real Estate Services Limited (&#8222;Viridis&#8220;) Letzte Aktualisierung: 5. August 2022Diese Datenschutzerkl\u00e4rung regelt den Umgang mit personenbezogenen Daten, die beim Besuch der Webseite von Viridis (http:\/\/www.viridisrealestate.com\/) verarbeitet werden. Im Folgenden informieren wir Sie dar\u00fcber, um welche Daten es sich dabei handelt, auf welche Weise sie verarbeitet werden und welche Rechte Ihnen diesbez\u00fcglich zustehen.1. [&hellip;]","og_url":"https:\/\/viridisrealestate.com\/de\/datenschutz\/","og_site_name":"Viridis Real Estate Services Limited","article_modified_time":"2022-09-01T14:20:46+00:00","twitter_card":"summary_large_image","twitter_misc":{"Gesch\u00e4tzte Lesezeit":"5 Minuten"},"schema":{"@context":"https:\/\/schema.org","@graph":[{"@type":"WebPage","@id":"https:\/\/viridisrealestate.com\/de\/datenschutz\/","url":"https:\/\/viridisrealestate.com\/de\/datenschutz\/","name":"Datenschutzerkl\u00e4rung der Viridis Real Estate Services Limited (\"Viridis\") - Viridis Real Estate Services Limited","isPartOf":{"@id":"https:\/\/viridisrealestate.com\/de\/#website"},"datePublished":"2021-08-23T12:34:28+00:00","dateModified":"2022-09-01T14:20:46+00:00","breadcrumb":{"@id":"https:\/\/viridisrealestate.com\/de\/datenschutz\/#breadcrumb"},"inLanguage":"de-DE","potentialAction":[{"@type":"ReadAction","target":["https:\/\/viridisrealestate.com\/de\/datenschutz\/"]}]},{"@type":"BreadcrumbList","@id":"https:\/\/viridisrealestate.com\/de\/datenschutz\/#breadcrumb","itemListElement":[{"@type":"ListItem","position":1,"name":"Home","item":"https:\/\/viridisrealestate.com\/de\/"},{"@type":"ListItem","position":2,"name":"Datenschutzerkl\u00e4rung der Viridis Real Estate Services Limited (&#8220;Viridis&#8221;)"}]},{"@type":"WebSite","@id":"https:\/\/viridisrealestate.com\/de\/#website","url":"https:\/\/viridisrealestate.com\/de\/","name":"Viridis Real Estate Services Limited","description":"","publisher":{"@id":"https:\/\/viridisrealestate.com\/de\/#organization"},"potentialAction":[{"@type":"SearchAction","target":{"@type":"EntryPoint","urlTemplate":"https:\/\/viridisrealestate.com\/de\/?s={search_term_string}"},"query-input":"required name=search_term_string"}],"inLanguage":"de-DE"},{"@type":"Organization","@id":"https:\/\/viridisrealestate.com\/de\/#organization","name":"Viridis Real Estate Services Limited","url":"https:\/\/viridisrealestate.com\/de\/","logo":{"@type":"ImageObject","inLanguage":"de-DE","@id":"https:\/\/viridisrealestate.com\/de\/#\/schema\/logo\/image\/","url":"http:\/\/viridis.4imedia.com\/wp-content\/uploads\/Viridis-1.png","contentUrl":"http:\/\/viridis.4imedia.com\/wp-content\/uploads\/Viridis-1.png","width":2481,"height":2627,"caption":"Viridis Real Estate Services Limited"},"image":{"@id":"https:\/\/viridisrealestate.com\/de\/#\/schema\/logo\/image\/"}}]}},"_links":{"self":[{"href":"https:\/\/viridisrealestate.com\/de\/wp-json\/wp\/v2\/pages\/2292"}],"collection":[{"href":"https:\/\/viridisrealestate.com\/de\/wp-json\/wp\/v2\/pages"}],"about":[{"href":"https:\/\/viridisrealestate.com\/de\/wp-json\/wp\/v2\/types\/page"}],"author":[{"embeddable":true,"href":"https:\/\/viridisrealestate.com\/de\/wp-json\/wp\/v2\/users\/1"}],"replies":[{"embeddable":true,"href":"https:\/\/viridisrealestate.com\/de\/wp-json\/wp\/v2\/comments?post=2292"}],"version-history":[{"count":24,"href":"https:\/\/viridisrealestate.com\/de\/wp-json\/wp\/v2\/pages\/2292\/revisions"}],"predecessor-version":[{"id":2933,"href":"https:\/\/viridisrealestate.com\/de\/wp-json\/wp\/v2\/pages\/2292\/revisions\/2933"}],"wp:attachment":[{"href":"https:\/\/viridisrealestate.com\/de\/wp-json\/wp\/v2\/media?parent=2292"}],"curies":[{"name":"wp","href":"https:\/\/api.w.org\/{rel}","templated":true}]}}