{"id":2318,"date":"2022-08-12T11:29:12","date_gmt":"2022-08-12T10:29:12","guid":{"rendered":"https:\/\/viridisrealestate.com\/?page_id=2318"},"modified":"2023-09-27T11:06:28","modified_gmt":"2023-09-27T10:06:28","slug":"impressum","status":"publish","type":"page","link":"https:\/\/viridisrealestate.com\/de\/impressum\/","title":{"rendered":"Impressum"},"content":{"rendered":"\t\t<div data-elementor-type=\"wp-page\" data-elementor-id=\"2318\" class=\"elementor elementor-2318 elementor-2317\">\n\t\t\t\t\t\t\t\t\t<section class=\"elementor-section elementor-top-section elementor-element elementor-element-63ed891f elementor-section-full_width elementor-section-height-default elementor-section-height-default\" data-id=\"63ed891f\" data-element_type=\"section\">\n\t\t\t\t\t\t<div class=\"elementor-container elementor-column-gap-no\">\n\t\t\t\t\t<div class=\"elementor-column elementor-col-100 elementor-top-column elementor-element elementor-element-4f489532\" data-id=\"4f489532\" data-element_type=\"column\">\n\t\t\t<div class=\"elementor-widget-wrap elementor-element-populated\">\n\t\t\t\t\t\t\t\t<div class=\"elementor-element elementor-element-e57e38b elementor-align-left elementor-widget elementor-widget-bdevs-banner\" data-id=\"e57e38b\" data-element_type=\"widget\" data-widget_type=\"bdevs-banner.default\">\n\t\t\t\t<div class=\"elementor-widget-container\">\n\t\t\t\t\t<!-- Banner Title -->\n\t    <div class=\"ready banner-padding bg-img\" data-overlay-dark=\"0\" data-background=\"http:\/\/viridis.4imedia.com\/wp-content\/uploads\/contact.jpg\">\n\t        <div class=\"container\">\n\t            <div class=\"row\">\n\t                <div class=\"col-md-12\">\n\t                    <div class=\"text-center\">\n\t                        <div class=\"title animate-box\" data-animate-effect=\"fadeInUp\">\n\t                            <h1>Impressum<\/h1>\n\t                        <\/div>\n\t                    <\/div>\n\t                <\/div>\n\t            <\/div>\n\t        <\/div>\n\t    <\/div>\n\t\t\t<\/div>\n\t\t\t\t<\/div>\n\t\t\t\t\t<\/div>\n\t\t<\/div>\n\t\t\t\t\t\t\t<\/div>\n\t\t<\/section>\n\t\t\t\t<section class=\"elementor-section elementor-top-section elementor-element elementor-element-aaa1274 elementor-section-boxed elementor-section-height-default elementor-section-height-default\" data-id=\"aaa1274\" data-element_type=\"section\">\n\t\t\t\t\t\t<div class=\"elementor-container elementor-column-gap-default\">\n\t\t\t\t\t<div class=\"elementor-column elementor-col-50 elementor-top-column elementor-element elementor-element-482d26d8\" data-id=\"482d26d8\" data-element_type=\"column\">\n\t\t\t<div class=\"elementor-widget-wrap elementor-element-populated\">\n\t\t\t\t\t\t\t\t<div class=\"elementor-element elementor-element-14e98fa4 elementor-widget elementor-widget-text-editor\" data-id=\"14e98fa4\" data-element_type=\"widget\" data-widget_type=\"text-editor.default\">\n\t\t\t\t<div class=\"elementor-widget-container\">\n\t\t\t<style>\/*! elementor - v3.17.0 - 01-11-2023 *\/\n.elementor-widget-text-editor.elementor-drop-cap-view-stacked .elementor-drop-cap{background-color:#69727d;color:#fff}.elementor-widget-text-editor.elementor-drop-cap-view-framed .elementor-drop-cap{color:#69727d;border:3px solid;background-color:transparent}.elementor-widget-text-editor:not(.elementor-drop-cap-view-default) .elementor-drop-cap{margin-top:8px}.elementor-widget-text-editor:not(.elementor-drop-cap-view-default) .elementor-drop-cap-letter{width:1em;height:1em}.elementor-widget-text-editor .elementor-drop-cap{float:left;text-align:center;line-height:1;font-size:50px}.elementor-widget-text-editor .elementor-drop-cap-letter{display:inline-block}<\/style>\t\t\t\t<strong>Viridis Real Estate Services Limited<\/strong><br>\n13 Berkeley Street<br>\nLondon W1J 8DU<br>\nVereinigtes K\u00f6nigreich<br>\n<br>\nt +44 (0)20 7290 2650<br>\nf + 44 (0)20 7290 2670<br>\ne <a href=\"mailto:info@viridisrealestate.com\">info@viridisrealestate.com<\/a><br>\n<br>\n<span style=\"text-decoration: underline;\">Gesch\u00e4ftsf\u00fchrer von Viridis Real Estate Services Limited<\/span><br>\n\nNick Tucker<br>\nOmar Jamil<br>\n<br>\nRegistriert in England und Wales unter obiger Adresse\n<br>\n<strong>Firmenregistrierungsnummer<\/strong>: 06932012\t\t\t\t\t\t<\/div>\n\t\t\t\t<\/div>\n\t\t\t\t\t<\/div>\n\t\t<\/div>\n\t\t\t\t<div class=\"elementor-column elementor-col-50 elementor-top-column elementor-element elementor-element-3297337\" data-id=\"3297337\" data-element_type=\"column\">\n\t\t\t<div class=\"elementor-widget-wrap elementor-element-populated\">\n\t\t\t\t\t\t\t\t<div class=\"elementor-element elementor-element-6313491 elementor-widget elementor-widget-text-editor\" data-id=\"6313491\" data-element_type=\"widget\" data-widget_type=\"text-editor.default\">\n\t\t\t\t<div class=\"elementor-widget-container\">\n\t\t\t\t\t\t\t<p><strong>Viridis Real Estate Services GmbH<\/strong><br \/>Mariahilfer Stra\u00dfe 84\/31<br \/>1070 Wien<br \/>\u00d6sterreich<br \/><br \/><a href=\"mailto:office.vienna@viridisrealestate.com\">office.vienna@viridisrealestate.com<\/a><br \/><br \/>FN 481564 h, HG Wien<br \/><br \/><span style=\"text-decoration: underline;\">Gesch\u00e4ftsf\u00fchrer der Viridis Real Estate Services GmbH<\/span><br \/><br \/>Fisnik Mehmedi<br \/>Omar Jamil<\/p>\t\t\t\t\t\t<\/div>\n\t\t\t\t<\/div>\n\t\t\t\t\t<\/div>\n\t\t<\/div>\n\t\t\t\t\t\t\t<\/div>\n\t\t<\/section>\n\t\t\t\t<section class=\"elementor-section elementor-top-section elementor-element elementor-element-afc074e elementor-section-boxed elementor-section-height-default elementor-section-height-default\" data-id=\"afc074e\" data-element_type=\"section\">\n\t\t\t\t\t\t<div class=\"elementor-container elementor-column-gap-default\">\n\t\t\t\t\t<div class=\"elementor-column elementor-col-100 elementor-top-column elementor-element elementor-element-518a0df\" data-id=\"518a0df\" data-element_type=\"column\">\n\t\t\t<div class=\"elementor-widget-wrap elementor-element-populated\">\n\t\t\t\t\t\t\t\t<div class=\"elementor-element elementor-element-17109a5 elementor-widget elementor-widget-text-editor\" data-id=\"17109a5\" data-element_type=\"widget\" data-widget_type=\"text-editor.default\">\n\t\t\t\t<div class=\"elementor-widget-container\">\n\t\t\t\t\t\t\t<p>Bildrechte \u00fcber unsplash.com<\/p>\t\t\t\t\t\t<\/div>\n\t\t\t\t<\/div>\n\t\t\t\t\t<\/div>\n\t\t<\/div>\n\t\t\t\t\t\t\t<\/div>\n\t\t<\/section>\n\t\t\t\t\t\t\t<\/div>\n\t\t","protected":false},"excerpt":{"rendered":"<p>Impressum Viridis Real Estate Services Limited 13 Berkeley Street London W1J 8DU Vereinigtes K\u00f6nigreich t +44 (0)20 7290 2650 f + 44 (0)20 7290 2670 e info@viridisrealestate.com Gesch\u00e4ftsf\u00fchrer von Viridis Real Estate Services Limited Nick Tucker Omar Jamil Registriert in England und Wales unter obiger Adresse Firmenregistrierungsnummer: 06932012Viridis Real Estate Services GmbHMariahilfer Stra\u00dfe 84\/311070 Wien\u00d6sterreichoffice.vienna@viridisrealestate.comFN [&hellip;]<\/p>\n","protected":false},"author":1,"featured_media":0,"parent":0,"menu_order":4,"comment_status":"closed","ping_status":"closed","template":"page-templates\/home-light.php","meta":{"footnotes":""},"yoast_head":"<!-- This site is optimized with the Yoast SEO plugin v21.5 - https:\/\/yoast.com\/wordpress\/plugins\/seo\/ -->\n<title>Impressum - Viridis Real Estate Services Limited<\/title>\n<meta name=\"robots\" content=\"index, follow, max-snippet:-1, max-image-preview:large, max-video-preview:-1\" \/>\n<link rel=\"canonical\" href=\"https:\/\/viridisrealestate.com\/de\/impressum\/\" \/>\n<meta property=\"og:locale\" content=\"de_DE\" \/>\n<meta property=\"og:type\" content=\"article\" \/>\n<meta property=\"og:title\" content=\"Impressum - Viridis Real Estate Services Limited\" \/>\n<meta property=\"og:description\" content=\"Impressum Viridis Real Estate Services Limited 13 Berkeley Street London W1J 8DU Vereinigtes K\u00f6nigreich t +44 (0)20 7290 2650 f + 44 (0)20 7290 2670 e info@viridisrealestate.com Gesch\u00e4ftsf\u00fchrer von Viridis Real Estate Services Limited Nick Tucker Omar Jamil Registriert in England und Wales unter obiger Adresse Firmenregistrierungsnummer: 06932012Viridis Real Estate Services GmbHMariahilfer Stra\u00dfe 84\/311070 Wien\u00d6sterreichoffice.vienna@viridisrealestate.comFN [&hellip;]\" \/>\n<meta property=\"og:url\" content=\"https:\/\/viridisrealestate.com\/de\/impressum\/\" \/>\n<meta property=\"og:site_name\" content=\"Viridis Real Estate Services Limited\" \/>\n<meta property=\"article:modified_time\" content=\"2023-09-27T10:06:28+00:00\" \/>\n<meta name=\"twitter:card\" content=\"summary_large_image\" \/>\n<meta name=\"twitter:label1\" content=\"Gesch\u00e4tzte Lesezeit\" \/>\n\t<meta name=\"twitter:data1\" content=\"1 Minute\" \/>\n<script type=\"application\/ld+json\" class=\"yoast-schema-graph\">{\"@context\":\"https:\/\/schema.org\",\"@graph\":[{\"@type\":\"WebPage\",\"@id\":\"https:\/\/viridisrealestate.com\/de\/impressum\/\",\"url\":\"https:\/\/viridisrealestate.com\/de\/impressum\/\",\"name\":\"Impressum - Viridis Real Estate Services Limited\",\"isPartOf\":{\"@id\":\"https:\/\/viridisrealestate.com\/de\/#website\"},\"datePublished\":\"2022-08-12T10:29:12+00:00\",\"dateModified\":\"2023-09-27T10:06:28+00:00\",\"breadcrumb\":{\"@id\":\"https:\/\/viridisrealestate.com\/de\/impressum\/#breadcrumb\"},\"inLanguage\":\"de-DE\",\"potentialAction\":[{\"@type\":\"ReadAction\",\"target\":[\"https:\/\/viridisrealestate.com\/de\/impressum\/\"]}]},{\"@type\":\"BreadcrumbList\",\"@id\":\"https:\/\/viridisrealestate.com\/de\/impressum\/#breadcrumb\",\"itemListElement\":[{\"@type\":\"ListItem\",\"position\":1,\"name\":\"Home\",\"item\":\"https:\/\/viridisrealestate.com\/de\/\"},{\"@type\":\"ListItem\",\"position\":2,\"name\":\"Impressum\"}]},{\"@type\":\"WebSite\",\"@id\":\"https:\/\/viridisrealestate.com\/de\/#website\",\"url\":\"https:\/\/viridisrealestate.com\/de\/\",\"name\":\"Viridis Real Estate Services Limited\",\"description\":\"\",\"publisher\":{\"@id\":\"https:\/\/viridisrealestate.com\/de\/#organization\"},\"potentialAction\":[{\"@type\":\"SearchAction\",\"target\":{\"@type\":\"EntryPoint\",\"urlTemplate\":\"https:\/\/viridisrealestate.com\/de\/?s={search_term_string}\"},\"query-input\":\"required name=search_term_string\"}],\"inLanguage\":\"de-DE\"},{\"@type\":\"Organization\",\"@id\":\"https:\/\/viridisrealestate.com\/de\/#organization\",\"name\":\"Viridis Real Estate Services Limited\",\"url\":\"https:\/\/viridisrealestate.com\/de\/\",\"logo\":{\"@type\":\"ImageObject\",\"inLanguage\":\"de-DE\",\"@id\":\"https:\/\/viridisrealestate.com\/de\/#\/schema\/logo\/image\/\",\"url\":\"http:\/\/viridis.4imedia.com\/wp-content\/uploads\/Viridis-1.png\",\"contentUrl\":\"http:\/\/viridis.4imedia.com\/wp-content\/uploads\/Viridis-1.png\",\"width\":2481,\"height\":2627,\"caption\":\"Viridis Real Estate Services Limited\"},\"image\":{\"@id\":\"https:\/\/viridisrealestate.com\/de\/#\/schema\/logo\/image\/\"}}]}<\/script>\n<!-- \/ Yoast SEO plugin. -->","yoast_head_json":{"title":"Impressum - Viridis Real Estate Services Limited","robots":{"index":"index","follow":"follow","max-snippet":"max-snippet:-1","max-image-preview":"max-image-preview:large","max-video-preview":"max-video-preview:-1"},"canonical":"https:\/\/viridisrealestate.com\/de\/impressum\/","og_locale":"de_DE","og_type":"article","og_title":"Impressum - Viridis Real Estate Services Limited","og_description":"Impressum Viridis Real Estate Services Limited 13 Berkeley Street London W1J 8DU Vereinigtes K\u00f6nigreich t +44 (0)20 7290 2650 f + 44 (0)20 7290 2670 e info@viridisrealestate.com Gesch\u00e4ftsf\u00fchrer von Viridis Real Estate Services Limited Nick Tucker Omar Jamil Registriert in England und Wales unter obiger Adresse Firmenregistrierungsnummer: 06932012Viridis Real Estate Services GmbHMariahilfer Stra\u00dfe 84\/311070 Wien\u00d6sterreichoffice.vienna@viridisrealestate.comFN [&hellip;]","og_url":"https:\/\/viridisrealestate.com\/de\/impressum\/","og_site_name":"Viridis Real Estate Services Limited","article_modified_time":"2023-09-27T10:06:28+00:00","twitter_card":"summary_large_image","twitter_misc":{"Gesch\u00e4tzte Lesezeit":"1 Minute"},"schema":{"@context":"https:\/\/schema.org","@graph":[{"@type":"WebPage","@id":"https:\/\/viridisrealestate.com\/de\/impressum\/","url":"https:\/\/viridisrealestate.com\/de\/impressum\/","name":"Impressum - Viridis Real Estate Services Limited","isPartOf":{"@id":"https:\/\/viridisrealestate.com\/de\/#website"},"datePublished":"2022-08-12T10:29:12+00:00","dateModified":"2023-09-27T10:06:28+00:00","breadcrumb":{"@id":"https:\/\/viridisrealestate.com\/de\/impressum\/#breadcrumb"},"inLanguage":"de-DE","potentialAction":[{"@type":"ReadAction","target":["https:\/\/viridisrealestate.com\/de\/impressum\/"]}]},{"@type":"BreadcrumbList","@id":"https:\/\/viridisrealestate.com\/de\/impressum\/#breadcrumb","itemListElement":[{"@type":"ListItem","position":1,"name":"Home","item":"https:\/\/viridisrealestate.com\/de\/"},{"@type":"ListItem","position":2,"name":"Impressum"}]},{"@type":"WebSite","@id":"https:\/\/viridisrealestate.com\/de\/#website","url":"https:\/\/viridisrealestate.com\/de\/","name":"Viridis Real Estate Services Limited","description":"","publisher":{"@id":"https:\/\/viridisrealestate.com\/de\/#organization"},"potentialAction":[{"@type":"SearchAction","target":{"@type":"EntryPoint","urlTemplate":"https:\/\/viridisrealestate.com\/de\/?s={search_term_string}"},"query-input":"required name=search_term_string"}],"inLanguage":"de-DE"},{"@type":"Organization","@id":"https:\/\/viridisrealestate.com\/de\/#organization","name":"Viridis Real Estate Services Limited","url":"https:\/\/viridisrealestate.com\/de\/","logo":{"@type":"ImageObject","inLanguage":"de-DE","@id":"https:\/\/viridisrealestate.com\/de\/#\/schema\/logo\/image\/","url":"http:\/\/viridis.4imedia.com\/wp-content\/uploads\/Viridis-1.png","contentUrl":"http:\/\/viridis.4imedia.com\/wp-content\/uploads\/Viridis-1.png","width":2481,"height":2627,"caption":"Viridis Real Estate Services Limited"},"image":{"@id":"https:\/\/viridisrealestate.com\/de\/#\/schema\/logo\/image\/"}}]}},"_links":{"self":[{"href":"https:\/\/viridisrealestate.com\/de\/wp-json\/wp\/v2\/pages\/2318"}],"collection":[{"href":"https:\/\/viridisrealestate.com\/de\/wp-json\/wp\/v2\/pages"}],"about":[{"href":"https:\/\/viridisrealestate.com\/de\/wp-json\/wp\/v2\/types\/page"}],"author":[{"embeddable":true,"href":"https:\/\/viridisrealestate.com\/de\/wp-json\/wp\/v2\/users\/1"}],"replies":[{"embeddable":true,"href":"https:\/\/viridisrealestate.com\/de\/wp-json\/wp\/v2\/comments?post=2318"}],"version-history":[{"count":15,"href":"https:\/\/viridisrealestate.com\/de\/wp-json\/wp\/v2\/pages\/2318\/revisions"}],"predecessor-version":[{"id":3275,"href":"https:\/\/viridisrealestate.com\/de\/wp-json\/wp\/v2\/pages\/2318\/revisions\/3275"}],"wp:attachment":[{"href":"https:\/\/viridisrealestate.com\/de\/wp-json\/wp\/v2\/media?parent=2318"}],"curies":[{"name":"wp","href":"https:\/\/api.w.org\/{rel}","templated":true}]}}